{"id":93,"date":"2018-05-18T16:04:54","date_gmt":"2018-05-18T13:04:54","guid":{"rendered":"http:\/\/www.achivoaie.ro\/?page_id=93"},"modified":"2018-05-18T16:07:34","modified_gmt":"2018-05-18T13:07:34","slug":"cum-eram","status":"publish","type":"page","link":"https:\/\/www.achivoaie.ro\/?page_id=93","title":{"rendered":"Cum eram"},"content":{"rendered":"<div id=\"cs-content\" class=\"cs-content\" >\n<div class=\"e93-1 x-section\" >\n      \n<div class=\"e93-2 x-container max width\" >\n    \n<div class=\"e93-3 x-column x-sm x-1-1\" >\n    <!-- The Grid Plugin Version 2.6.20 --><!-- The Grid Wrapper Start --><div class=\"tg-grid-wrapper pracia-grid tg-grid-loading tg-nav-bg full-height\" id=\"grid-97\" data-version=\"2.6.20\"><!-- The Grid Styles --><style class=\"tg-grid-styles\" type=\"text\/css\" scoped>#grid-97 .tg-nav-color:not(.dots):not(.tg-dropdown-value):not(.tg-dropdown-title):hover,#grid-97 .tg-nav-color:hover .tg-nav-color,#grid-97 .tg-filter-active span,#grid-97 .tg-page-number.tg-page-current{color:#ffffff}#grid-97 .tg-filter:not(.tg-dropdown-item),#grid-97 .tg-search-holder,#grid-97 .tg-dropdown-holder,#grid-97 .tg-sorter-order,#grid-97 .tg-left-arrow,#grid-97 .tg-right-arrow,#grid-97 .tg-search-holder,#grid-97 .tg-page-number:not(.dots),#grid-97 .tg-pagination-prev,#grid-97 .tg-pagination-next,#grid-97 .tg-ajax-button{background:#ffffff}#grid-97 .tg-filter:not(.tg-dropdown-item):hover,#grid-97 .tg-filter.tg-filter-active,#grid-97 .tg-sorter-order:hover,#grid-97 .tg-left-arrow:not(.tg-disabled):hover,#grid-97 .tg-right-arrow:not(.tg-disabled):hover,#grid-97 .tg-page-number.tg-page-current,#grid-97 .tg-page-number:not(.dots):hover,#grid-97 .tg-pagination-prev:hover,#grid-97 .tg-pagination-next:hover,#grid-97 .tg-ajax-button:hover{background:#4e4e4e}.tg-nav-bg input[type=text].tg-search{height:34px}.tg-nav-bg .tg-nav-font,.tg-nav-bg input[type=text].tg-search{font-size:13px;line-height:34px}.tg-nav-bg .tg-search::-webkit-input-placeholder{font-size:13px;line-height:34px}.tg-nav-bg .tg-search::-moz-placeholder{font-size:13px;line-height:34px}.tg-nav-bg .tg-search:-ms-input-placeholder{font-size:13px;line-height:34px}.tg-nav-bg .tg-page-number.dots,.tg-nav-bg .tg-slider-bullets{height:34px}.tg-nav-bg .tg-search-icon,.tg-nav-bg .tg-search-clear,.tg-nav-bg .tg-sorter-order,.tg-nav-bg .tg-page-number,.tg-nav-bg .tg-left-arrow i,.tg-nav-bg .tg-right-arrow i{min-width:34px}.tg-nav-bg .tg-dropdown-item{font-weight:normal}.tg-nav-bg .tg-dropdown-item{text-transform:none}#grid-97 .tg-nav-color,#grid-97 .tg-search-icon:hover:before,#grid-97 .tg-search-icon:hover input,#grid-97 .tg-disabled:hover .tg-icon-left-arrow,#grid-97 .tg-disabled:hover .tg-icon-right-arrow,#grid-97 .tg-dropdown-title.tg-nav-color:hover{color:#444444}#grid-97 input.tg-search:hover{color:#444444 !important}#grid-97 input.tg-search::-webkit-input-placeholder{color:#444444}#grid-97 input.tg-search::-moz-placeholder{color:#444444;opacity:1}#grid-97 input.tg-search:-ms-input-placeholder{color:#444444}.grid-97 .tg-dropdown-item{color:#777777;background:#ffffff}.grid-97 .tg-filter-active,.grid-97 .tg-dropdown-item:hover{color:#ffffff;background:#4e4e4e}#grid-97 .tg-slider-bullets li.tg-active-item span{background:#59585b}#grid-97 .tg-slider-bullets li span{background:#DDDDDD}#grid-97 .tg-grid-area-top2{text-align:center;margin-bottom:60px}#grid-97 .tg-grid-area-bottom1{text-align:center;margin-top:60px}.pracia a,.pracia a:active,.pracia a:focus,.pracia .tg-item-title,.pracia .tg-item-media-holder,.pracia .tg-item-content-holder{text-decoration:none;border:none;-webkit-box-shadow:none;box-shadow:none;-webkit-transition:all 0.25s ease-in-out;-moz-transition:all 0.25s ease-in-out;-ms-transition:all 0.25s ease-in-out;-o-transition:all 0.25s ease-in-out;transition:all 0.25s ease-in-out}.pracia.tg-item,.pracia .tg-center-holder{overflow:hidden}.pracia .tg-center-holder{text-align:center}.pracia .tg-item-media-holder{bottom:60px;height:auto}.tg-layout-justified .pracia .tg-item-media-holder{bottom:0}.pracia .tg-item-link{position:absolute;display:block;top:-1000%;left:0;width:100%;height:2000%}.pracia .tg-item-content-holder,.pracia .tg-item-overlay{position:absolute;display:block;bottom:0;left:0;width:100%;height:100%}.tg-layout-justified .pracia .tg-center-holder{padding-bottom:60px}.tg-layout-justified .pracia .tg-item-content-holder,.pracia .tg-item-overlay{opacity:0;visibility:hidden}.tg-layout-justified .pracia:not(.tg-is-playing):not(.tg-force-play):hover .tg-item-content-holder,.pracia:not(.tg-is-playing):not(.tg-force-play):hover .tg-item-overlay{opacity:1;visibility:visible}.pracia .tg-item-content-holder{height:60px;padding:10px 14px;background:#ffffff}.pracia .tg-item-title,.pracia .tg-item-title a{position:relative;font-size:16px !important;line-height:20px !important;font-weight:600;margin:0 !important;padding:0 !important;white-space:nowrap;overflow:hidden;text-overflow:ellipsis}.pracia .tg-item-title{padding:0 2px !important;margin:0 40px 2px 0 !important}.pracia .tg-cats-holder{position:relative;display:block;margin:0 40px 0 0;padding:0 2px;font-size:13px;line-height:18px;font-style:italic;white-space:nowrap;overflow:hidden;text-overflow:ellipsis}.pracia .tg-cats-holder *{position:relative}.pracia .tg-link-button,.pracia .tg-media-button{position:relative;display:inline-block;vertical-align:top;margin:10px !important;padding:0 !important;top:0;right:0;width:35px;height:35px;cursor:pointer;text-align:center;opacity:0}.pracia .tg-link-button i,.pracia .tg-media-button i{position:relative;display:block;width:35px;height:35px;font-size:22px;line-height:35px;cursor:pointer}.pracia .tg-media-button .tg-icon-add{font-size:28px}.pracia .tg-media-button{-webkit-transform:translate3d(-40px,0,0);-moz-transform:translate3d(-40px,0,0);-ms-transform:translate3d(-40px,0,0);-o-transform:translate3d(-40px,0,0);transform:translate3d(-40px,0,0)}.pracia .tg-link-button{-webkit-transform:translate3d(40px,0,0);-moz-transform:translate3d(40px,0,0);-ms-transform:translate3d(40px,0,0);-o-transform:translate3d(40px,0,0);transform:translate3d(40px,0,0)}.pracia:hover .tg-link-button,.pracia:hover .tg-media-button{opacity:1;-webkit-transform:translate3d(0,0,0);-moz-transform:translate3d(0,0,0);-ms-transform:translate3d(0,0,0);-o-transform:translate3d(0,0,0);transform:translate3d(0,0,0)}.pracia .tg-item-title:hover,.pracia .tg-link-button:hover,.pracia .tg-cats-holder a:hover,.pracia .tg-media-button:hover{opacity:0.75}.pracia .to-post-like{position:absolute;display:block;right:14px;top:12px;margin:0;font-size:14px;line-height:14px}.tg-item .tg-dark div,.tg-item .tg-dark h1,.tg-item .tg-dark h1 a,.tg-item .tg-dark h2,.tg-item .tg-dark h2 a,.tg-item .tg-dark h3,.tg-item .tg-dark h3 a,.tg-item .tg-dark h4,.tg-item .tg-dark h4 a,.tg-item .tg-dark h5,.tg-item .tg-dark h5 a,.tg-item .tg-dark h6,.tg-item .tg-dark h6 a,.tg-item .tg-dark a,.tg-item .tg-dark a.tg-link-url,.tg-item .tg-dark i,.tg-item .tg-dark .tg-media-button,.tg-item .tg-dark .tg-item-price span{color:#444444;fill:#444444;stroke:#444444;border-color:#444444}.tg-item .tg-dark p,.tg-item .tg-dark ol,.tg-item .tg-dark ul,.tg-item .tg-dark li{color:#777777;fill:#777777;stroke:#777777;border-color:#777777}.tg-item .tg-dark span,.tg-item .tg-dark .no-liked .to-heart-icon path,.tg-item .tg-dark .empty-heart .to-heart-icon path,.tg-item .tg-dark .tg-item-comment i,.tg-item .tg-dark .tg-item-price del span{color:#999999;fill:#999999;stroke:#999999;border-color:#999999}.tg-item .tg-light div,.tg-item .tg-light h1,.tg-item .tg-light h1 a,.tg-item .tg-light h2,.tg-item .tg-light h2 a,.tg-item .tg-light h3,.tg-item .tg-light h3 a,.tg-item .tg-light h4,.tg-item .tg-light h4 a,.tg-item .tg-light h5,.tg-item .tg-light h5 a,.tg-item .tg-light h6,.tg-item .tg-light h6 a,.tg-item .tg-light a,.tg-item .tg-light a.tg-link-url,.tg-item .tg-light i,.tg-item .tg-light .tg-media-button,.tg-item .tg-light .tg-item-price span{color:#ffffff;fill:#ffffff;stroke:#ffffff;border-color:#ffffff}.tg-item .tg-light p,.tg-item .tg-light ol,.tg-item .tg-light ul,.tg-item .tg-light li{color:#f5f5f5;fill:#f5f5f5;stroke:#f5f5f5;border-color:#f5f5f5}.tg-item .tg-light span,.tg-item .tg-light .no-liked .to-heart-icon path,.tg-item .tg-light .empty-heart .to-heart-icon path,.tg-item .tg-light .tg-item-comment i,.tg-item .tg-light .tg-item-price del span{color:#f6f6f6;fill:#f6f6f6;stroke:#f6f6f6;border-color:#f6f6f6}#grid-97 .tg-item-content-holder{background-color:#ffffff}#grid-97 .tg-item-overlay{background-color:rgba(255,255,255,0.85)}<\/style><!-- The Grid Item Sizer --><div class=\"tg-grid-sizer\"><\/div><!-- The Grid Gutter Sizer --><div class=\"tg-gutter-sizer\"><\/div><!-- The Grid Items Holder --><div class=\"tg-grid-holder tg-layout-grid\"  data-name=\"cum eram\"  data-style=\"grid\" data-row=\"1\" data-layout=\"vertical\" data-rtl=\"\" data-fitrows=\"\" data-filtercomb=\"\" data-filterlogic=\"AND\" data-filterload =\"\" data-sortbyload =\"none\" data-orderload =\"false\" data-fullwidth=\"\" data-fullheight=\"null\" data-gutters=\"[[320,28],[480,28],[690,28],[1000,28],[1300,28],[9999,28]]\" data-slider='{\"itemNav\":\"null\",\"swingSpeed\":0.1,\"cycleBy\":\"null\",\"cycle\":5000,\"startAt\":1}' data-ratio=\"1.25\" data-cols=\"[[320,1],[480,1],[690,1],[1000,4],[1300,3],[9999,3]]\" data-rows=\"[[320,200],[480,200],[690,220],[1000,220],[1300,240],[9999,240]]\" data-animation='{&quot;name&quot;:&quot;From Top&quot;,&quot;visible&quot;:&quot;translateY(0)&quot;,&quot;hidden&quot;:&quot;translateY(-100px)&quot;}' data-transition=\"500ms\" data-ajaxmethod=\"load_more\" data-ajaxdelay=\"100\" data-preloader=\"1\" data-itemdelay=\"100\" data-gallery=\"\" data-ajax=\"\"><!-- The Grid item #1 --><article class=\"tg-item tg-post-76 pracia f3 tg-item-reveal\" data-date=\"1523288476\" data-title=\"Sala de lect\" data-none=\"0\" data-row=\"1\" data-col=\"1\"><div class=\"tg-item-inner\"><div class=\"tg-item-media-holder tg-dark\"><div class=\"tg-item-media-inner\"><div class=\"tg-item-image\" style=\"background-image: url(http:\/\/www.achivoaie.ro\/wp-content\/uploads\/2018\/05\/sala-de-lectura-2-223x300.jpg)\"><\/div><\/div><div class=\"tg-item-overlay\"><\/div><div class=\"tg-center-holder\"><div class=\"tg-center-inner\"><a class=\"tg-item-link\" href=\"https:\/\/www.achivoaie.ro\/?p=76\" target=\"_self\"><\/a><a id=\"tolb-9776\" class=\"tg-media-button\" data-tolb-src=\"http:\/\/www.achivoaie.ro\/wp-content\/uploads\/2018\/05\/sala-de-lectura-2-223x300.jpg\" data-tolb-type=\"image\" data-tolb-alt=\"\"><i class=\"tg-icon-add\"><\/i><\/a><a class=\"tg-link-button\" href=\"https:\/\/www.achivoaie.ro\/?p=76\" target=\"_self\"><i class=\"tg-icon-link\"><\/i><\/a><\/div><\/div><\/div><div class=\"tg-item-content-holder tg-dark image-format\"><h2 class=\"tg-item-title\"><a href=\"https:\/\/www.achivoaie.ro\/?p=76\" target=\"_self\">Sala de lectura<\/a><\/h2><span class=\"tg-cats-holder\"><a class=\"category\" href=\"https:\/\/www.achivoaie.ro\/?cat=3\" rel=\"category\" data-term-id=\"3\"><span class=\"tg-item-term\" >cum eram<\/span><\/a><\/span><span class=\"no-ajaxy to-post-like no-liked empty-heart\" data-post-id=\"76\" title=\"Like\"><span class=\"to-heart-icon\"><svg xmlns=\"http:\/\/www.w3.org\/2000\/svg\" version=\"1.1\" viewBox=\"0 0 64 64\"><g transform=\"translate(0, 0)\"><path stroke-width=\"6\" stroke-linecap=\"square\" stroke-miterlimit=\"10\" d=\"M1,21c0,20,31,38,31,38s31-18,31-38 c0-8.285-6-16-15-16c-8.285,0-16,5.715-16,14c0-8.285-7.715-14-16-14C7,5,1,12.715,1,21z\"><\/path><\/g><\/svg><\/span><span class=\"to-like-count\">0<\/span><\/span><\/div><\/div><\/article><!-- The Grid item #2 --><article class=\"tg-item tg-post-73 pracia f3 tg-item-reveal\" data-date=\"1523201896\" data-title=\"Briciul\" data-none=\"0\" data-row=\"1\" data-col=\"1\"><div class=\"tg-item-inner\"><div class=\"tg-item-media-holder tg-dark\"><div class=\"tg-item-media-inner\"><div class=\"tg-item-image\" style=\"background-image: url(http:\/\/www.achivoaie.ro\/wp-content\/uploads\/2018\/05\/briciul.jpg)\"><\/div><\/div><div class=\"tg-item-overlay\"><\/div><div class=\"tg-center-holder\"><div class=\"tg-center-inner\"><a class=\"tg-item-link\" href=\"https:\/\/www.achivoaie.ro\/?p=73\" target=\"_self\"><\/a><a id=\"tolb-9773\" class=\"tg-media-button\" data-tolb-src=\"http:\/\/www.achivoaie.ro\/wp-content\/uploads\/2018\/05\/briciul.jpg\" data-tolb-type=\"image\" data-tolb-alt=\"\"><i class=\"tg-icon-add\"><\/i><\/a><a class=\"tg-link-button\" href=\"https:\/\/www.achivoaie.ro\/?p=73\" target=\"_self\"><i class=\"tg-icon-link\"><\/i><\/a><\/div><\/div><\/div><div class=\"tg-item-content-holder tg-dark image-format\"><h2 class=\"tg-item-title\"><a href=\"https:\/\/www.achivoaie.ro\/?p=73\" target=\"_self\">Briciul<\/a><\/h2><span class=\"tg-cats-holder\"><a class=\"category\" href=\"https:\/\/www.achivoaie.ro\/?cat=3\" rel=\"category\" data-term-id=\"3\"><span class=\"tg-item-term\" >cum eram<\/span><\/a><\/span><span class=\"no-ajaxy to-post-like no-liked\" data-post-id=\"73\" title=\"Like\"><span class=\"to-heart-icon\"><svg xmlns=\"http:\/\/www.w3.org\/2000\/svg\" version=\"1.1\" viewBox=\"0 0 64 64\"><g transform=\"translate(0, 0)\"><path stroke-width=\"6\" stroke-linecap=\"square\" stroke-miterlimit=\"10\" d=\"M1,21c0,20,31,38,31,38s31-18,31-38 c0-8.285-6-16-15-16c-8.285,0-16,5.715-16,14c0-8.285-7.715-14-16-14C7,5,1,12.715,1,21z\"><\/path><\/g><\/svg><\/span><span class=\"to-like-count\">1<\/span><\/span><\/div><\/div><\/article><!-- The Grid item #3 --><article class=\"tg-item tg-post-60 pracia f3 tg-item-reveal\" data-date=\"1519399281\" data-title=\"La \u021bint\u0103\" data-none=\"0\" data-row=\"1\" data-col=\"1\"><div class=\"tg-item-inner\"><div class=\"tg-item-media-holder tg-dark\"><div class=\"tg-item-media-inner\"><div class=\"tg-item-image\" style=\"background-image: url(http:\/\/www.achivoaie.ro\/wp-content\/uploads\/2018\/05\/la-tinta.jpg)\"><\/div><\/div><div class=\"tg-item-overlay\"><\/div><div class=\"tg-center-holder\"><div class=\"tg-center-inner\"><a class=\"tg-item-link\" href=\"https:\/\/www.achivoaie.ro\/?p=60\" target=\"_self\"><\/a><a id=\"tolb-9760\" class=\"tg-media-button\" data-tolb-src=\"http:\/\/www.achivoaie.ro\/wp-content\/uploads\/2018\/05\/la-tinta.jpg\" data-tolb-type=\"image\" data-tolb-alt=\"\"><i class=\"tg-icon-add\"><\/i><\/a><a class=\"tg-link-button\" href=\"https:\/\/www.achivoaie.ro\/?p=60\" target=\"_self\"><i class=\"tg-icon-link\"><\/i><\/a><\/div><\/div><\/div><div class=\"tg-item-content-holder tg-dark image-format\"><h2 class=\"tg-item-title\"><a href=\"https:\/\/www.achivoaie.ro\/?p=60\" target=\"_self\">La \u021bint\u0103<\/a><\/h2><span class=\"tg-cats-holder\"><a class=\"category\" href=\"https:\/\/www.achivoaie.ro\/?cat=3\" rel=\"category\" data-term-id=\"3\"><span class=\"tg-item-term\" >cum eram<\/span><\/a><\/span><span class=\"no-ajaxy to-post-like no-liked\" data-post-id=\"60\" title=\"Like\"><span class=\"to-heart-icon\"><svg xmlns=\"http:\/\/www.w3.org\/2000\/svg\" version=\"1.1\" viewBox=\"0 0 64 64\"><g transform=\"translate(0, 0)\"><path stroke-width=\"6\" stroke-linecap=\"square\" stroke-miterlimit=\"10\" d=\"M1,21c0,20,31,38,31,38s31-18,31-38 c0-8.285-6-16-15-16c-8.285,0-16,5.715-16,14c0-8.285-7.715-14-16-14C7,5,1,12.715,1,21z\"><\/path><\/g><\/svg><\/span><span class=\"to-like-count\">1<\/span><\/span><\/div><\/div><\/article><!-- The Grid item #4 --><article class=\"tg-item tg-post-53 pracia f3 tg-item-reveal\" data-date=\"1517238696\" data-title=\"Misiunea Uni\" data-none=\"0\" data-row=\"1\" data-col=\"1\"><div class=\"tg-item-inner\"><div class=\"tg-item-media-holder tg-dark\"><div class=\"tg-item-media-inner\"><div class=\"tg-item-image\" style=\"background-image: url(http:\/\/www.achivoaie.ro\/wp-content\/uploads\/2018\/05\/27067322_1924928757531806_8767073735541683135_n.jpg)\"><\/div><\/div><div class=\"tg-item-overlay\"><\/div><div class=\"tg-center-holder\"><div class=\"tg-center-inner\"><a class=\"tg-item-link\" href=\"https:\/\/www.achivoaie.ro\/?p=53\" target=\"_self\"><\/a><a id=\"tolb-9753\" class=\"tg-media-button\" data-tolb-src=\"http:\/\/www.achivoaie.ro\/wp-content\/uploads\/2018\/05\/27067322_1924928757531806_8767073735541683135_n.jpg\" data-tolb-type=\"image\" data-tolb-alt=\"\"><i class=\"tg-icon-add\"><\/i><\/a><a class=\"tg-link-button\" href=\"https:\/\/www.achivoaie.ro\/?p=53\" target=\"_self\"><i class=\"tg-icon-link\"><\/i><\/a><\/div><\/div><\/div><div class=\"tg-item-content-holder tg-dark image-format\"><h2 class=\"tg-item-title\"><a href=\"https:\/\/www.achivoaie.ro\/?p=53\" target=\"_self\">Misiunea Universit\u0103\u0163ii<\/a><\/h2><span class=\"tg-cats-holder\"><a class=\"category\" href=\"https:\/\/www.achivoaie.ro\/?cat=3\" rel=\"category\" data-term-id=\"3\"><span class=\"tg-item-term\" >cum eram<\/span><\/a><\/span><span class=\"no-ajaxy to-post-like no-liked empty-heart\" data-post-id=\"53\" title=\"Like\"><span class=\"to-heart-icon\"><svg xmlns=\"http:\/\/www.w3.org\/2000\/svg\" version=\"1.1\" viewBox=\"0 0 64 64\"><g transform=\"translate(0, 0)\"><path stroke-width=\"6\" stroke-linecap=\"square\" stroke-miterlimit=\"10\" d=\"M1,21c0,20,31,38,31,38s31-18,31-38 c0-8.285-6-16-15-16c-8.285,0-16,5.715-16,14c0-8.285-7.715-14-16-14C7,5,1,12.715,1,21z\"><\/path><\/g><\/svg><\/span><span class=\"to-like-count\">0<\/span><\/span><\/div><\/div><\/article><!-- The Grid item #5 --><article class=\"tg-item tg-post-47 pracia f3 tg-item-reveal\" data-date=\"1515682902\" data-title=\"Tasha\" data-none=\"0\" data-row=\"1\" data-col=\"1\"><div class=\"tg-item-inner\"><div class=\"tg-item-media-holder tg-dark\"><div class=\"tg-item-media-inner\"><div class=\"tg-item-image\" style=\"background-image: url(http:\/\/www.achivoaie.ro\/wp-content\/uploads\/2018\/05\/Tasha.jpg)\"><\/div><\/div><div class=\"tg-item-overlay\"><\/div><div class=\"tg-center-holder\"><div class=\"tg-center-inner\"><a class=\"tg-item-link\" href=\"https:\/\/www.achivoaie.ro\/?p=47\" target=\"_self\"><\/a><a id=\"tolb-9747\" class=\"tg-media-button\" data-tolb-src=\"http:\/\/www.achivoaie.ro\/wp-content\/uploads\/2018\/05\/Tasha.jpg\" data-tolb-type=\"image\" data-tolb-alt=\"\"><i class=\"tg-icon-add\"><\/i><\/a><a class=\"tg-link-button\" href=\"https:\/\/www.achivoaie.ro\/?p=47\" target=\"_self\"><i class=\"tg-icon-link\"><\/i><\/a><\/div><\/div><\/div><div class=\"tg-item-content-holder tg-dark image-format\"><h2 class=\"tg-item-title\"><a href=\"https:\/\/www.achivoaie.ro\/?p=47\" target=\"_self\">Tasha<\/a><\/h2><span class=\"tg-cats-holder\"><a class=\"category\" href=\"https:\/\/www.achivoaie.ro\/?cat=3\" rel=\"category\" data-term-id=\"3\"><span class=\"tg-item-term\" >cum eram<\/span><\/a><\/span><span class=\"no-ajaxy to-post-like no-liked empty-heart\" data-post-id=\"47\" title=\"Like\"><span class=\"to-heart-icon\"><svg xmlns=\"http:\/\/www.w3.org\/2000\/svg\" version=\"1.1\" viewBox=\"0 0 64 64\"><g transform=\"translate(0, 0)\"><path stroke-width=\"6\" stroke-linecap=\"square\" stroke-miterlimit=\"10\" d=\"M1,21c0,20,31,38,31,38s31-18,31-38 c0-8.285-6-16-15-16c-8.285,0-16,5.715-16,14c0-8.285-7.715-14-16-14C7,5,1,12.715,1,21z\"><\/path><\/g><\/svg><\/span><span class=\"to-like-count\">0<\/span><\/span><\/div><\/div><\/article><!-- The Grid item #6 --><article class=\"tg-item tg-post-44 pracia f3 tg-item-reveal\" data-date=\"1515423491\" data-title=\"Masajul sexu\" data-none=\"0\" data-row=\"1\" data-col=\"1\"><div class=\"tg-item-inner\"><div class=\"tg-item-media-holder tg-dark\"><div class=\"tg-item-media-inner\"><div class=\"tg-item-image\" style=\"background-image: url(http:\/\/www.achivoaie.ro\/wp-content\/uploads\/2018\/05\/masajul-sexual.jpg)\"><\/div><\/div><div class=\"tg-item-overlay\"><\/div><div class=\"tg-center-holder\"><div class=\"tg-center-inner\"><a class=\"tg-item-link\" href=\"https:\/\/www.achivoaie.ro\/?p=44\" target=\"_self\"><\/a><a id=\"tolb-9744\" class=\"tg-media-button\" data-tolb-src=\"http:\/\/www.achivoaie.ro\/wp-content\/uploads\/2018\/05\/masajul-sexual.jpg\" data-tolb-type=\"image\" data-tolb-alt=\"\"><i class=\"tg-icon-add\"><\/i><\/a><a class=\"tg-link-button\" href=\"https:\/\/www.achivoaie.ro\/?p=44\" target=\"_self\"><i class=\"tg-icon-link\"><\/i><\/a><\/div><\/div><\/div><div class=\"tg-item-content-holder tg-dark image-format\"><h2 class=\"tg-item-title\"><a href=\"https:\/\/www.achivoaie.ro\/?p=44\" target=\"_self\">Masajul sexual<\/a><\/h2><span class=\"tg-cats-holder\"><a class=\"category\" href=\"https:\/\/www.achivoaie.ro\/?cat=3\" rel=\"category\" data-term-id=\"3\"><span class=\"tg-item-term\" >cum eram<\/span><\/a><\/span><span class=\"no-ajaxy to-post-like no-liked empty-heart\" data-post-id=\"44\" title=\"Like\"><span class=\"to-heart-icon\"><svg xmlns=\"http:\/\/www.w3.org\/2000\/svg\" version=\"1.1\" viewBox=\"0 0 64 64\"><g transform=\"translate(0, 0)\"><path stroke-width=\"6\" stroke-linecap=\"square\" stroke-miterlimit=\"10\" d=\"M1,21c0,20,31,38,31,38s31-18,31-38 c0-8.285-6-16-15-16c-8.285,0-16,5.715-16,14c0-8.285-7.715-14-16-14C7,5,1,12.715,1,21z\"><\/path><\/g><\/svg><\/span><span class=\"to-like-count\">0<\/span><\/span><\/div><\/div><\/article><!-- The Grid item #7 --><article class=\"tg-item tg-post-1 pracia f3 tg-item-reveal\" data-date=\"1514894275\" data-title=\"O f\u00e2nt\u00e2n\u0103\" data-none=\"0\" data-row=\"1\" data-col=\"1\"><div class=\"tg-item-inner\"><div class=\"tg-item-media-holder tg-dark\"><div class=\"tg-item-media-inner\"><div class=\"tg-item-image\" style=\"background-image: url(https:\/\/www.achivoaie.ro\/wp-content\/uploads\/2016\/02\/1-o-fantana.jpg)\"><\/div><\/div><div class=\"tg-item-overlay\"><\/div><div class=\"tg-center-holder\"><div class=\"tg-center-inner\"><a class=\"tg-item-link\" href=\"https:\/\/www.achivoaie.ro\/?p=1\" target=\"_self\"><\/a><a id=\"tolb-971\" class=\"tg-media-button\" data-tolb-src=\"https:\/\/www.achivoaie.ro\/wp-content\/uploads\/2016\/02\/1-o-fantana.jpg\" data-tolb-type=\"image\" data-tolb-alt=\"1-o-fantana\"><i class=\"tg-icon-add\"><\/i><\/a><a class=\"tg-link-button\" href=\"https:\/\/www.achivoaie.ro\/?p=1\" target=\"_self\"><i class=\"tg-icon-link\"><\/i><\/a><\/div><\/div><\/div><div class=\"tg-item-content-holder tg-dark image-format\"><h2 class=\"tg-item-title\"><a href=\"https:\/\/www.achivoaie.ro\/?p=1\" target=\"_self\">O f\u00e2nt\u00e2n\u0103<\/a><\/h2><span class=\"tg-cats-holder\"><a class=\"category\" href=\"https:\/\/www.achivoaie.ro\/?cat=3\" rel=\"category\" data-term-id=\"3\"><span class=\"tg-item-term\" >cum eram<\/span><\/a><\/span><span class=\"no-ajaxy to-post-like no-liked empty-heart\" data-post-id=\"1\" title=\"Like\"><span class=\"to-heart-icon\"><svg xmlns=\"http:\/\/www.w3.org\/2000\/svg\" version=\"1.1\" viewBox=\"0 0 64 64\"><g transform=\"translate(0, 0)\"><path stroke-width=\"6\" stroke-linecap=\"square\" stroke-miterlimit=\"10\" d=\"M1,21c0,20,31,38,31,38s31-18,31-38 c0-8.285-6-16-15-16c-8.285,0-16,5.715-16,14c0-8.285-7.715-14-16-14C7,5,1,12.715,1,21z\"><\/path><\/g><\/svg><\/span><span class=\"to-like-count\">0<\/span><\/span><\/div><\/div><\/article><\/div><!-- The Grid Area Bottom 1 --><div class=\"tg-grid-area-bottom1\"><div class=\"tg-pagination-holder\"><ul class=\"tg-pagination-number\"><li class=\"tg-page\"><span class=\"tg-page-number tg-page-ajax tg-nav-color tg-nav-border tg-nav-font tg-page-current\" data-page=\"0\">1<\/span><\/li><\/ul><\/div><\/div><div class=\"tg-grid-preloader\"><style class=\"tg-grid-preloader-styles\" type=\"text\/css\" scoped>@-webkit-keyframes ball-beat{50%{opacity:.2;-webkit-transform:scale(.75);transform:scale(.75)}100%{opacity:1;-webkit-transform:scale(1);transform:scale(1)}}@keyframes ball-beat{50%{opacity:.2;-webkit-transform:scale(.75);transform:scale(.75)}100%{opacity:1;-webkit-transform:scale(1);transform:scale(1)}}.ball-beat>div{background-color:#fff;width:15px;height:15px;border-radius:100%;margin:2px;display:inline-block;-webkit-animation:ball-beat .7s 0s infinite linear;animation:ball-beat .7s 0s infinite linear}.ball-beat>div:nth-child(2n-1){-webkit-animation-delay:-.35s!important;animation-delay:-.35s!important}#grid-97 .tg-grid-preloader-inner>div{background:#f99958}#grid-97 .tg-grid-preloader-scale{transform:scale(1)}<\/style><div class=\"tg-grid-preloader-holder\"><div class=\"tg-grid-preloader-scale\"><div class=\"tg-grid-preloader-inner ball-beat\"><div><\/div><div><\/div><div><\/div><\/div><\/div><\/div><\/div><\/div><!-- The Grid Wrapper End --><\/div>\n<\/div>\n  <\/div>\n<\/div>\n","protected":false},"excerpt":{"rendered":"","protected":false},"author":1,"featured_media":0,"parent":0,"menu_order":0,"comment_status":"closed","ping_status":"closed","template":"template-blank-4.php","meta":[],"_links":{"self":[{"href":"https:\/\/www.achivoaie.ro\/index.php?rest_route=\/wp\/v2\/pages\/93"}],"collection":[{"href":"https:\/\/www.achivoaie.ro\/index.php?rest_route=\/wp\/v2\/pages"}],"about":[{"href":"https:\/\/www.achivoaie.ro\/index.php?rest_route=\/wp\/v2\/types\/page"}],"author":[{"embeddable":true,"href":"https:\/\/www.achivoaie.ro\/index.php?rest_route=\/wp\/v2\/users\/1"}],"replies":[{"embeddable":true,"href":"https:\/\/www.achivoaie.ro\/index.php?rest_route=%2Fwp%2Fv2%2Fcomments&post=93"}],"version-history":[{"count":3,"href":"https:\/\/www.achivoaie.ro\/index.php?rest_route=\/wp\/v2\/pages\/93\/revisions"}],"predecessor-version":[{"id":99,"href":"https:\/\/www.achivoaie.ro\/index.php?rest_route=\/wp\/v2\/pages\/93\/revisions\/99"}],"wp:attachment":[{"href":"https:\/\/www.achivoaie.ro\/index.php?rest_route=%2Fwp%2Fv2%2Fmedia&parent=93"}],"curies":[{"name":"wp","href":"https:\/\/api.w.org\/{rel}","templated":true}]}}